{"id":1228,"date":"2024-08-01T14:06:02","date_gmt":"2024-08-01T12:06:02","guid":{"rendered":"http:\/\/zlin-precision.cz\/?page_id=1228"},"modified":"2025-02-10T10:05:20","modified_gmt":"2025-02-10T09:05:20","slug":"vyrobky","status":"publish","type":"page","link":"https:\/\/zlin-precision.cz\/en\/vyrobky\/","title":{"rendered":"PRODUCTS"},"content":{"rendered":"<div data-elementor-type=\"wp-page\" data-elementor-id=\"1228\" class=\"elementor elementor-1228\">\n\t\t\t\t<div class=\"elementor-element elementor-element-765ab39 e-flex e-con-boxed e-con e-parent\" data-id=\"765ab39\" data-element_type=\"container\">\n\t\t\t\t\t<div class=\"e-con-inner\">\n\t\t\t\t<div class=\"elementor-element elementor-element-47ce399 elementor-widget elementor-widget-text-editor\" data-id=\"47ce399\" data-element_type=\"widget\" data-widget_type=\"text-editor.default\">\n\t\t\t\t<div class=\"elementor-widget-container\">\n\t\t\t<style>\/*! elementor - v3.23.0 - 25-07-2024 *\/\n.elementor-widget-text-editor.elementor-drop-cap-view-stacked .elementor-drop-cap{background-color:#69727d;color:#fff}.elementor-widget-text-editor.elementor-drop-cap-view-framed .elementor-drop-cap{color:#69727d;border:3px solid;background-color:transparent}.elementor-widget-text-editor:not(.elementor-drop-cap-view-default) .elementor-drop-cap{margin-top:8px}.elementor-widget-text-editor:not(.elementor-drop-cap-view-default) .elementor-drop-cap-letter{width:1em;height:1em}.elementor-widget-text-editor .elementor-drop-cap{float:left;text-align:center;line-height:1;font-size:50px}.elementor-widget-text-editor .elementor-drop-cap-letter{display:inline-block}<\/style>\t\t\t\t<p><!-- wp:heading --><\/p>\n<h2 class=\"wp-block-heading\"><strong>Injection-Molded Parts with Inserts <\/strong><\/h2>\n<p><!-- \/wp:heading --><\/p>\n<p><!-- wp:paragraph --><\/p>\n<p>Precise technical parts with machined or stamped metal components.<\/p>\n<p><!-- \/wp:paragraph --><\/p>\n<p><!-- wp:paragraph --><\/p>\n<p><!-- \/wp:paragraph --><\/p>\n<p><!-- wp:image {\"id\":1137,\"sizeSlug\":\"full\",\"linkDestination\":\"none\"} --><\/p>\n<figure class=\"wp-block-image size-full\"><\/figure>\n<p><!-- \/wp:image --><\/p>\n<p><!-- wp:heading --><\/p>\t\t\t\t\t\t<\/div>\n\t\t\t\t<\/div>\n\t\t\t\t\t<\/div>\n\t\t\t\t<\/div>\n\t\t<div class=\"elementor-element elementor-element-afdc338 e-flex e-con-boxed e-con e-parent\" data-id=\"afdc338\" data-element_type=\"container\">\n\t\t\t\t\t<div class=\"e-con-inner\">\n\t\t\t\t<div class=\"elementor-element elementor-element-dead699 image-carousel elementor-arrows-position-inside elementor-pagination-position-outside elementor-widget elementor-widget-image-carousel\" data-id=\"dead699\" data-element_type=\"widget\" data-settings=\"{&quot;slides_to_show&quot;:&quot;3&quot;,&quot;navigation&quot;:&quot;both&quot;,&quot;speed&quot;:500}\" data-widget_type=\"image-carousel.default\">\n\t\t\t\t<div class=\"elementor-widget-container\">\n\t\t\t<style>\/*! elementor - v3.23.0 - 25-07-2024 *\/\n.elementor-widget-image-carousel .swiper,.elementor-widget-image-carousel .swiper-container{position:static}.elementor-widget-image-carousel .swiper-container .swiper-slide figure,.elementor-widget-image-carousel .swiper .swiper-slide figure{line-height:inherit}.elementor-widget-image-carousel .swiper-slide{text-align:center}.elementor-image-carousel-wrapper:not(.swiper-container-initialized):not(.swiper-initialized) .swiper-slide{max-width:calc(100% \/ var(--e-image-carousel-slides-to-show, 3))}<\/style>\t\t<div class=\"elementor-image-carousel-wrapper swiper\" dir=\"ltr\">\n\t\t\t<div class=\"elementor-image-carousel swiper-wrapper\" aria-live=\"polite\">\n\t\t\t\t\t\t\t\t<div class=\"swiper-slide\" role=\"group\" aria-roledescription=\"slide\" aria-label=\"1 z 3\"><a data-elementor-open-lightbox=\"no\" href=\"https:\/\/zlin-precision.cz\/wp-content\/uploads\/2025\/01\/vyrobky-zalisek-2-380.jpeg\" data-gal='prettyPhoto' rel='prettyPhoto'><figure class=\"swiper-slide-inner\"><img decoding=\"async\" class=\"swiper-slide-image\" src=\"https:\/\/zlin-precision.cz\/wp-content\/uploads\/2025\/01\/vyrobky-zalisek-2-380.jpeg\" alt=\"v\u00fdrobky-z\u00e1lisek 2-380\" \/><\/figure><\/a><\/div><div class=\"swiper-slide\" role=\"group\" aria-roledescription=\"slide\" aria-label=\"2 z 3\"><a data-elementor-open-lightbox=\"no\" href=\"https:\/\/zlin-precision.cz\/wp-content\/uploads\/2025\/01\/vyrobky-zalisek-1.jpeg\" data-gal='prettyPhoto' rel='prettyPhoto'><figure class=\"swiper-slide-inner\"><img decoding=\"async\" class=\"swiper-slide-image\" src=\"https:\/\/zlin-precision.cz\/wp-content\/uploads\/2025\/01\/vyrobky-zalisek-1-380x380.jpeg\" alt=\"v\u00fdrobky-z\u00e1lisek 1\" \/><\/figure><\/a><\/div><div class=\"swiper-slide\" role=\"group\" aria-roledescription=\"slide\" aria-label=\"3 z 3\"><a data-elementor-open-lightbox=\"no\" href=\"https:\/\/zlin-precision.cz\/wp-content\/uploads\/2025\/01\/vyrobky-zalisek-3-380.jpg\" data-gal='prettyPhoto' rel='prettyPhoto'><figure class=\"swiper-slide-inner\"><img decoding=\"async\" class=\"swiper-slide-image\" src=\"https:\/\/zlin-precision.cz\/wp-content\/uploads\/2025\/01\/vyrobky-zalisek-3-380.jpg\" alt=\"v\u00fdrobky-z\u00e1lisek 3-380\" \/><\/figure><\/a><\/div>\t\t\t<\/div>\n\t\t\t\t\t\t\t\t\t\t\t\t<div class=\"elementor-swiper-button elementor-swiper-button-prev\" role=\"button\" tabindex=\"0\">\n\t\t\t\t\t\t<svg aria-hidden=\"true\" class=\"e-font-icon-svg e-eicon-chevron-left\" viewbox=\"0 0 1000 1000\" xmlns=\"http:\/\/www.w3.org\/2000\/svg\"><path d=\"M646 125C629 125 613 133 604 142L308 442C296 454 292 471 292 487 292 504 296 521 308 533L604 854C617 867 629 875 646 875 663 875 679 871 692 858 704 846 713 829 713 812 713 796 708 779 692 767L438 487 692 225C700 217 708 204 708 187 708 171 704 154 692 142 675 129 663 125 646 125Z\"><\/path><\/svg>\t\t\t\t\t<\/div>\n\t\t\t\t\t<div class=\"elementor-swiper-button elementor-swiper-button-next\" role=\"button\" tabindex=\"0\">\n\t\t\t\t\t\t<svg aria-hidden=\"true\" class=\"e-font-icon-svg e-eicon-chevron-right\" viewbox=\"0 0 1000 1000\" xmlns=\"http:\/\/www.w3.org\/2000\/svg\"><path d=\"M696 533C708 521 713 504 713 487 713 471 708 454 696 446L400 146C388 133 375 125 354 125 338 125 325 129 313 142 300 154 292 171 292 187 292 204 296 221 308 233L563 492 304 771C292 783 288 800 288 817 288 833 296 850 308 863 321 871 338 875 354 875 371 875 388 867 400 854L696 533Z\"><\/path><\/svg>\t\t\t\t\t<\/div>\n\t\t\t\t\n\t\t\t\t\t\t\t\t\t<div class=\"swiper-pagination\"><\/div>\n\t\t\t\t\t\t\t\t\t<\/div>\n\t\t\t\t<\/div>\n\t\t\t\t<\/div>\n\t\t\t\t\t<\/div>\n\t\t\t\t<\/div>\n\t\t<div class=\"elementor-element elementor-element-1a7d4212 e-flex e-con-boxed e-con e-parent\" data-id=\"1a7d4212\" data-element_type=\"container\">\n\t\t\t\t\t<div class=\"e-con-inner\">\n\t\t\t\t<div class=\"elementor-element elementor-element-1629b9b elementor-widget elementor-widget-text-editor\" data-id=\"1629b9b\" data-element_type=\"widget\" data-widget_type=\"text-editor.default\">\n\t\t\t\t<div class=\"elementor-widget-container\">\n\t\t\t\t\t\t\t<p><!-- wp:heading --><\/p>\n<h2 class=\"wp-block-heading\"><strong>Injection-Molded Technical Parts<\/strong><\/h2>\n<p><!-- \/wp:heading --><\/p>\n<p><!-- wp:paragraph --><\/p>\n<p>Precise technical parts made from various thermoplastics, including special polymers such as PPA, PEI, PES, etc.<\/p>\n<p><!-- \/wp:paragraph --><\/p>\n<p><!-- wp:paragraph --><\/p>\n<p><!-- \/wp:paragraph --><\/p>\n<p><!-- wp:image {\"id\":1137,\"sizeSlug\":\"full\",\"linkDestination\":\"none\"} --><\/p>\n<figure class=\"wp-block-image size-full\"><\/figure>\n<p><!-- \/wp:image --><\/p>\n<p><!-- wp:heading --><\/p>\t\t\t\t\t\t<\/div>\n\t\t\t\t<\/div>\n\t\t<div class=\"elementor-element elementor-element-110bfb3 e-grid e-con-full e-con e-child\" data-id=\"110bfb3\" data-element_type=\"container\">\n\t\t\t\t<div class=\"elementor-element elementor-element-7a13b52 elementor-widget elementor-widget-image\" data-id=\"7a13b52\" data-element_type=\"widget\" data-widget_type=\"image.default\">\n\t\t\t\t<div class=\"elementor-widget-container\">\n\t\t\t<style>\/*! elementor - v3.23.0 - 25-07-2024 *\/\n.elementor-widget-image{text-align:center}.elementor-widget-image a{display:inline-block}.elementor-widget-image a img[src$=\".svg\"]{width:48px}.elementor-widget-image img{vertical-align:middle;display:inline-block}<\/style>\t\t\t\t\t\t\t\t\t\t<img fetchpriority=\"high\" decoding=\"async\" width=\"582\" height=\"900\" src=\"https:\/\/zlin-precision.cz\/wp-content\/uploads\/2025\/02\/vyrobky-Vstrikovane-dily-1.jpeg\" class=\"attachment-full size-full wp-image-2247\" alt=\"v\u00fdrobky-Vst\u0159ikov\u00e1n\u00e9 d\u00edly 1\" srcset=\"https:\/\/zlin-precision.cz\/wp-content\/uploads\/2025\/02\/vyrobky-Vstrikovane-dily-1.jpeg 582w, https:\/\/zlin-precision.cz\/wp-content\/uploads\/2025\/02\/vyrobky-Vstrikovane-dily-1-194x300.jpeg 194w, https:\/\/zlin-precision.cz\/wp-content\/uploads\/2025\/02\/vyrobky-Vstrikovane-dily-1-8x12.jpeg 8w\" sizes=\"(max-width: 582px) 100vw, 582px\" \/>\t\t\t\t\t\t\t\t\t\t\t\t\t<\/div>\n\t\t\t\t<\/div>\n\t\t\t\t<div class=\"elementor-element elementor-element-5d1f75f elementor-widget elementor-widget-image\" data-id=\"5d1f75f\" data-element_type=\"widget\" data-widget_type=\"image.default\">\n\t\t\t\t<div class=\"elementor-widget-container\">\n\t\t\t\t\t\t\t\t\t\t\t\t\t<img decoding=\"async\" width=\"380\" height=\"380\" src=\"https:\/\/zlin-precision.cz\/wp-content\/uploads\/2025\/02\/vyrobky-Vstrikovane-dily-2-380x380.jpeg\" class=\"attachment-folio3 size-folio3 wp-image-2248\" alt=\"v\u00fdrobky-Vst\u0159ikovan\u00e9 d\u00edly 2\" srcset=\"https:\/\/zlin-precision.cz\/wp-content\/uploads\/2025\/02\/vyrobky-Vstrikovane-dily-2-380x380.jpeg 380w, https:\/\/zlin-precision.cz\/wp-content\/uploads\/2025\/02\/vyrobky-Vstrikovane-dily-2-150x150.jpeg 150w, https:\/\/zlin-precision.cz\/wp-content\/uploads\/2025\/02\/vyrobky-Vstrikovane-dily-2-12x12.jpeg 12w\" sizes=\"(max-width: 380px) 100vw, 380px\" \/>\t\t\t\t\t\t\t\t\t\t\t\t\t<\/div>\n\t\t\t\t<\/div>\n\t\t\t\t<div class=\"elementor-element elementor-element-4cc0511 elementor-widget elementor-widget-image\" data-id=\"4cc0511\" data-element_type=\"widget\" data-widget_type=\"image.default\">\n\t\t\t\t<div class=\"elementor-widget-container\">\n\t\t\t\t\t\t\t\t\t\t\t\t\t<img decoding=\"async\" width=\"380\" height=\"380\" src=\"https:\/\/zlin-precision.cz\/wp-content\/uploads\/2025\/02\/vyrobky-Vstrikovane-dily-3-380x380.jpeg\" class=\"attachment-folio3 size-folio3 wp-image-2249\" alt=\"v\u00fdrobky-Vst\u0159ikov\u00e1n\u00e9 d\u00edly 3\" srcset=\"https:\/\/zlin-precision.cz\/wp-content\/uploads\/2025\/02\/vyrobky-Vstrikovane-dily-3-380x380.jpeg 380w, https:\/\/zlin-precision.cz\/wp-content\/uploads\/2025\/02\/vyrobky-Vstrikovane-dily-3-300x300.jpeg 300w, https:\/\/zlin-precision.cz\/wp-content\/uploads\/2025\/02\/vyrobky-Vstrikovane-dily-3-150x150.jpeg 150w, https:\/\/zlin-precision.cz\/wp-content\/uploads\/2025\/02\/vyrobky-Vstrikovane-dily-3-768x771.jpeg 768w, https:\/\/zlin-precision.cz\/wp-content\/uploads\/2025\/02\/vyrobky-Vstrikovane-dily-3-12x12.jpeg 12w\" sizes=\"(max-width: 380px) 100vw, 380px\" \/>\t\t\t\t\t\t\t\t\t\t\t\t\t<\/div>\n\t\t\t\t<\/div>\n\t\t\t\t<\/div>\n\t\t<div class=\"elementor-element elementor-element-de5415e e-con-full e-flex e-con e-child\" data-id=\"de5415e\" data-element_type=\"container\">\n\t\t\t\t<div class=\"elementor-element elementor-element-ca315a5 elementor-widget elementor-widget-text-editor\" data-id=\"ca315a5\" data-element_type=\"widget\" data-widget_type=\"text-editor.default\">\n\t\t\t\t<div class=\"elementor-widget-container\">\n\t\t\t\t\t\t\t<p><!-- wp:heading --><\/p>\n<h2><strong>Visible Parts <\/strong><\/h2>\n<p><!-- \/wp:heading --><\/p>\n<p><!-- wp:paragraph --><\/p>\n<p>Plastic parts with customer-specified requirements for the final surface finish.<\/p>\n<p><!-- \/wp:paragraph --><\/p>\n<p><!-- wp:paragraph --><\/p>\n<p><!-- \/wp:paragraph --><\/p>\n<p><!-- wp:image {\"id\":1137,\"sizeSlug\":\"full\",\"linkDestination\":\"none\"} --><\/p>\n<figure class=\"wp-block-image size-full\"><\/figure>\n<p><!-- \/wp:image --><\/p>\n<p><!-- wp:heading --><\/p>\t\t\t\t\t\t<\/div>\n\t\t\t\t<\/div>\n\t\t<div class=\"elementor-element elementor-element-519e0a5 e-grid e-con-full e-con e-child\" data-id=\"519e0a5\" data-element_type=\"container\">\n\t\t\t\t<div class=\"elementor-element elementor-element-eb65dc6 elementor-widget elementor-widget-image\" data-id=\"eb65dc6\" data-element_type=\"widget\" data-widget_type=\"image.default\">\n\t\t\t\t<div class=\"elementor-widget-container\">\n\t\t\t\t\t\t\t\t\t\t\t\t\t<img loading=\"lazy\" decoding=\"async\" width=\"695\" height=\"900\" src=\"https:\/\/zlin-precision.cz\/wp-content\/uploads\/2025\/02\/vyrobky-Pohledove-dily-1.jpeg\" class=\"attachment-full size-full wp-image-2263\" alt=\"v\u00fdrobky-Pohledov\u00e9 d\u00edly 1\" srcset=\"https:\/\/zlin-precision.cz\/wp-content\/uploads\/2025\/02\/vyrobky-Pohledove-dily-1.jpeg 695w, https:\/\/zlin-precision.cz\/wp-content\/uploads\/2025\/02\/vyrobky-Pohledove-dily-1-232x300.jpeg 232w, https:\/\/zlin-precision.cz\/wp-content\/uploads\/2025\/02\/vyrobky-Pohledove-dily-1-9x12.jpeg 9w\" sizes=\"(max-width: 695px) 100vw, 695px\" \/>\t\t\t\t\t\t\t\t\t\t\t\t\t<\/div>\n\t\t\t\t<\/div>\n\t\t\t\t<div class=\"elementor-element elementor-element-f247969 elementor-widget elementor-widget-image\" data-id=\"f247969\" data-element_type=\"widget\" data-widget_type=\"image.default\">\n\t\t\t\t<div class=\"elementor-widget-container\">\n\t\t\t\t\t\t\t\t\t\t\t\t\t<img loading=\"lazy\" decoding=\"async\" width=\"380\" height=\"380\" src=\"https:\/\/zlin-precision.cz\/wp-content\/uploads\/2025\/02\/vyrobky-Pohledove-dily-2-380x380.jpeg\" class=\"attachment-folio3 size-folio3 wp-image-2264\" alt=\"v\u00fdrobky-Pohledov\u00e9 d\u00edly 2\" srcset=\"https:\/\/zlin-precision.cz\/wp-content\/uploads\/2025\/02\/vyrobky-Pohledove-dily-2-380x380.jpeg 380w, https:\/\/zlin-precision.cz\/wp-content\/uploads\/2025\/02\/vyrobky-Pohledove-dily-2-150x150.jpeg 150w\" sizes=\"(max-width: 380px) 100vw, 380px\" \/>\t\t\t\t\t\t\t\t\t\t\t\t\t<\/div>\n\t\t\t\t<\/div>\n\t\t\t\t<div class=\"elementor-element elementor-element-2205d47 elementor-widget elementor-widget-image\" data-id=\"2205d47\" data-element_type=\"widget\" data-widget_type=\"image.default\">\n\t\t\t\t<div class=\"elementor-widget-container\">\n\t\t\t\t\t\t\t\t\t\t\t\t\t<img loading=\"lazy\" decoding=\"async\" width=\"380\" height=\"380\" src=\"https:\/\/zlin-precision.cz\/wp-content\/uploads\/2025\/02\/vyrobky-Pohledove-dily-3-380x380.jpeg\" class=\"attachment-folio3 size-folio3 wp-image-2262\" alt=\"v\u00fdrobky-Pohledov\u00e9 d\u00edly 3\" srcset=\"https:\/\/zlin-precision.cz\/wp-content\/uploads\/2025\/02\/vyrobky-Pohledove-dily-3-380x380.jpeg 380w, https:\/\/zlin-precision.cz\/wp-content\/uploads\/2025\/02\/vyrobky-Pohledove-dily-3-150x150.jpeg 150w, https:\/\/zlin-precision.cz\/wp-content\/uploads\/2025\/02\/vyrobky-Pohledove-dily-3-12x12.jpeg 12w\" sizes=\"(max-width: 380px) 100vw, 380px\" \/>\t\t\t\t\t\t\t\t\t\t\t\t\t<\/div>\n\t\t\t\t<\/div>\n\t\t\t\t<\/div>\n\t\t\t\t<\/div>\n\t\t<div class=\"elementor-element elementor-element-7faa917 e-con-full e-flex e-con e-child\" data-id=\"7faa917\" data-element_type=\"container\">\n\t\t\t\t<div class=\"elementor-element elementor-element-e9f864a elementor-widget elementor-widget-text-editor\" data-id=\"e9f864a\" data-element_type=\"widget\" data-widget_type=\"text-editor.default\">\n\t\t\t\t<div class=\"elementor-widget-container\">\n\t\t\t\t\t\t\t<p><!-- wp:heading --><\/p>\n<h2><strong>Assembly Units <\/strong><\/h2>\n<p><!-- \/wp:heading --><\/p>\n<p><!-- wp:paragraph --><\/p>\n<p>Parts supplied as subassemblies according to the customer's specific requirements.<\/p>\n<p><!-- \/wp:paragraph --><\/p>\n<p><!-- wp:paragraph --><\/p>\n<p><!-- \/wp:paragraph --><\/p>\n<p><!-- wp:image {\"id\":1137,\"sizeSlug\":\"full\",\"linkDestination\":\"none\"} --><\/p>\n<figure class=\"wp-block-image size-full\"><\/figure>\n<p><!-- \/wp:image --><\/p>\n<p><!-- wp:heading --><\/p>\t\t\t\t\t\t<\/div>\n\t\t\t\t<\/div>\n\t\t<div class=\"elementor-element elementor-element-a827c61 e-grid e-con-full e-con e-child\" data-id=\"a827c61\" data-element_type=\"container\">\n\t\t\t\t<div class=\"elementor-element elementor-element-8754d6b elementor-widget elementor-widget-image\" data-id=\"8754d6b\" data-element_type=\"widget\" data-widget_type=\"image.default\">\n\t\t\t\t<div class=\"elementor-widget-container\">\n\t\t\t\t\t\t\t\t\t\t\t\t\t<img loading=\"lazy\" decoding=\"async\" width=\"2560\" height=\"1610\" src=\"https:\/\/zlin-precision.cz\/wp-content\/uploads\/2025\/01\/vyrobky-montazni-sestava-2-scaled.jpg\" class=\"attachment-full size-full wp-image-1757\" alt=\"v\u00fdrobky-mont\u00e1\u017en\u00ed sestava 2\" srcset=\"https:\/\/zlin-precision.cz\/wp-content\/uploads\/2025\/01\/vyrobky-montazni-sestava-2-scaled.jpg 2560w, https:\/\/zlin-precision.cz\/wp-content\/uploads\/2025\/01\/vyrobky-montazni-sestava-2-300x189.jpg 300w, https:\/\/zlin-precision.cz\/wp-content\/uploads\/2025\/01\/vyrobky-montazni-sestava-2-1024x644.jpg 1024w, https:\/\/zlin-precision.cz\/wp-content\/uploads\/2025\/01\/vyrobky-montazni-sestava-2-768x483.jpg 768w, https:\/\/zlin-precision.cz\/wp-content\/uploads\/2025\/01\/vyrobky-montazni-sestava-2-1536x966.jpg 1536w, https:\/\/zlin-precision.cz\/wp-content\/uploads\/2025\/01\/vyrobky-montazni-sestava-2-2048x1288.jpg 2048w, https:\/\/zlin-precision.cz\/wp-content\/uploads\/2025\/01\/vyrobky-montazni-sestava-2-18x12.jpg 18w\" sizes=\"(max-width: 2560px) 100vw, 2560px\" \/>\t\t\t\t\t\t\t\t\t\t\t\t\t<\/div>\n\t\t\t\t<\/div>\n\t\t\t\t<div class=\"elementor-element elementor-element-dcee6be elementor-widget elementor-widget-image\" data-id=\"dcee6be\" data-element_type=\"widget\" data-widget_type=\"image.default\">\n\t\t\t\t<div class=\"elementor-widget-container\">\n\t\t\t\t\t\t\t\t\t\t\t\t\t<img loading=\"lazy\" decoding=\"async\" width=\"380\" height=\"380\" src=\"https:\/\/zlin-precision.cz\/wp-content\/uploads\/2025\/01\/vyrobky-montazni-sestava-1-380x380.jpeg\" class=\"attachment-folio3 size-folio3 wp-image-1758\" alt=\"v\u00fdrobky-mont\u00e1\u017en\u00ed sestava 1\" srcset=\"https:\/\/zlin-precision.cz\/wp-content\/uploads\/2025\/01\/vyrobky-montazni-sestava-1-380x380.jpeg 380w, https:\/\/zlin-precision.cz\/wp-content\/uploads\/2025\/01\/vyrobky-montazni-sestava-1-150x150.jpeg 150w\" sizes=\"(max-width: 380px) 100vw, 380px\" \/>\t\t\t\t\t\t\t\t\t\t\t\t\t<\/div>\n\t\t\t\t<\/div>\n\t\t\t\t<div class=\"elementor-element elementor-element-d2ef9d1 elementor-widget elementor-widget-image\" data-id=\"d2ef9d1\" data-element_type=\"widget\" data-widget_type=\"image.default\">\n\t\t\t\t<div class=\"elementor-widget-container\">\n\t\t\t\t\t\t\t\t\t\t\t\t\t<img loading=\"lazy\" decoding=\"async\" width=\"380\" height=\"380\" src=\"https:\/\/zlin-precision.cz\/wp-content\/uploads\/2025\/01\/vyrobky-montazni-sestava-3-380x380.jpg\" class=\"attachment-folio3 size-folio3 wp-image-1759\" alt=\"v\u00fdrobky-mont\u00e1\u017en\u00ed sestava 3\" srcset=\"https:\/\/zlin-precision.cz\/wp-content\/uploads\/2025\/01\/vyrobky-montazni-sestava-3-380x380.jpg 380w, https:\/\/zlin-precision.cz\/wp-content\/uploads\/2025\/01\/vyrobky-montazni-sestava-3-150x150.jpg 150w\" sizes=\"(max-width: 380px) 100vw, 380px\" \/>\t\t\t\t\t\t\t\t\t\t\t\t\t<\/div>\n\t\t\t\t<\/div>\n\t\t\t\t<\/div>\n\t\t\t\t<\/div>\n\t\t\t\t\t<\/div>\n\t\t\t\t<\/div>\n\t\t\t\t<\/div>","protected":false},"excerpt":{"rendered":"<p>Vst\u0159ikovan\u00e9 d\u00edly se z\u00e1lisky Precizn\u00ed technick\u00e9 d\u00edly s kovov\u00fdmi, rota\u010dn\u011b obr\u00e1b\u011bn\u00fdmi nebo lisovan\u00fdmi komponenty.<\/p>","protected":false},"author":1,"featured_media":0,"parent":0,"menu_order":0,"comment_status":"closed","ping_status":"closed","template":"","meta":{"footnotes":""},"class_list":["post-1228","page","type-page","status-publish","hentry"],"_links":{"self":[{"href":"https:\/\/zlin-precision.cz\/en\/wp-json\/wp\/v2\/pages\/1228"}],"collection":[{"href":"https:\/\/zlin-precision.cz\/en\/wp-json\/wp\/v2\/pages"}],"about":[{"href":"https:\/\/zlin-precision.cz\/en\/wp-json\/wp\/v2\/types\/page"}],"author":[{"embeddable":true,"href":"https:\/\/zlin-precision.cz\/en\/wp-json\/wp\/v2\/users\/1"}],"replies":[{"embeddable":true,"href":"https:\/\/zlin-precision.cz\/en\/wp-json\/wp\/v2\/comments?post=1228"}],"version-history":[{"count":163,"href":"https:\/\/zlin-precision.cz\/en\/wp-json\/wp\/v2\/pages\/1228\/revisions"}],"predecessor-version":[{"id":2302,"href":"https:\/\/zlin-precision.cz\/en\/wp-json\/wp\/v2\/pages\/1228\/revisions\/2302"}],"wp:attachment":[{"href":"https:\/\/zlin-precision.cz\/en\/wp-json\/wp\/v2\/media?parent=1228"}],"curies":[{"name":"wp","href":"https:\/\/api.w.org\/{rel}","templated":true}]}}