{"id":1423,"date":"2024-08-13T08:16:17","date_gmt":"2024-08-13T06:16:17","guid":{"rendered":"http:\/\/zlin-precision.cz\/?page_id=1423"},"modified":"2025-01-20T14:34:27","modified_gmt":"2025-01-20T13:34:27","slug":"vyroba","status":"publish","type":"page","link":"https:\/\/zlin-precision.cz\/en\/vyroba\/","title":{"rendered":"Production"},"content":{"rendered":"<div data-elementor-type=\"wp-page\" data-elementor-id=\"1423\" class=\"elementor elementor-1423\">\n\t\t\t\t<div class=\"elementor-element elementor-element-3bc5b4f9 e-flex e-con-boxed e-con e-parent\" data-id=\"3bc5b4f9\" data-element_type=\"container\">\n\t\t\t\t\t<div class=\"e-con-inner\">\n\t\t\t\t<div class=\"elementor-element elementor-element-4d82cd75 elementor-widget elementor-widget-text-editor\" data-id=\"4d82cd75\" data-element_type=\"widget\" data-widget_type=\"text-editor.default\">\n\t\t\t\t<div class=\"elementor-widget-container\">\n\t\t\t<style>\/*! elementor - v3.23.0 - 25-07-2024 *\/\n.elementor-widget-text-editor.elementor-drop-cap-view-stacked .elementor-drop-cap{background-color:#69727d;color:#fff}.elementor-widget-text-editor.elementor-drop-cap-view-framed .elementor-drop-cap{color:#69727d;border:3px solid;background-color:transparent}.elementor-widget-text-editor:not(.elementor-drop-cap-view-default) .elementor-drop-cap{margin-top:8px}.elementor-widget-text-editor:not(.elementor-drop-cap-view-default) .elementor-drop-cap-letter{width:1em;height:1em}.elementor-widget-text-editor .elementor-drop-cap{float:left;text-align:center;line-height:1;font-size:50px}.elementor-widget-text-editor .elementor-drop-cap-letter{display:inline-block}<\/style>\t\t\t\t<p>We offer comprehensive services in the field of plastic injection molding, surface treatments, and assembly, with each step carried out with maximum precision and an emphasis on quality. Thanks to modern technologies and an experienced team, we ensure that our products meet the highest standards and the expectations of our customers. Each product undergoes thorough inspection to ensure its long life and reliability.<\/p><p><strong>Injection Molding<\/strong>: Precise plastic injection molding focused on high quality and accuracy, meeting the demanding requirements of our clients.<\/p><p><strong>Surface Treatments<\/strong>: We specialize in various types of surface treatments that enhance the durability and aesthetic appearance of products.<\/p><p><strong>Assembly<\/strong>: We provide complete assembly services, including the integration of parts into finished products, with a focus on detail and quality.<\/p><p><strong>Metrology<\/strong>: We perform part measurements using measuring equipment, and based on the data collected, we analyze and evaluate the quality of the part.<\/p>\t\t\t\t\t\t<\/div>\n\t\t\t\t<\/div>\n\t\t\t\t\t<\/div>\n\t\t\t\t<\/div>\n\t\t\t\t<\/div>","protected":false},"excerpt":{"rendered":"<p>Nab\u00edz\u00edme komplexn\u00ed slu\u017eby v oblasti vst\u0159ikov\u00e1n\u00ed plast\u016f, povrchov\u00fdch \u00faprav a mont\u00e1\u017ee, p\u0159i\u010dem\u017e ka\u017ed\u00fd krok je prov\u00e1d\u011bn s maxim\u00e1ln\u00ed preciznost\u00ed a d\u016frazem na kvalitu. D\u00edky modern\u00edm technologi\u00edm a zku\u0161en\u00e9mu t\u00fdmu zaji\u0161\u0165ujeme, \u017ee na\u0161e v\u00fdrobky spl\u0148uj\u00ed nejvy\u0161\u0161\u00ed standardy a o\u010dek\u00e1v\u00e1n\u00ed na\u0161ich z\u00e1kazn\u00edk\u016f. Ka\u017ed\u00fd produkt proch\u00e1z\u00ed d\u016fkladnou kontrolou, abychom zajistili jeho dlouhou \u017eivotnost a spolehlivost. Vst\u0159ikov\u00e1n\u00ed: Precizn\u00ed vst\u0159ikov\u00e1n\u00ed &hellip;<\/p>","protected":false},"author":1,"featured_media":0,"parent":0,"menu_order":0,"comment_status":"closed","ping_status":"closed","template":"","meta":{"footnotes":""},"class_list":["post-1423","page","type-page","status-publish","hentry"],"_links":{"self":[{"href":"https:\/\/zlin-precision.cz\/en\/wp-json\/wp\/v2\/pages\/1423"}],"collection":[{"href":"https:\/\/zlin-precision.cz\/en\/wp-json\/wp\/v2\/pages"}],"about":[{"href":"https:\/\/zlin-precision.cz\/en\/wp-json\/wp\/v2\/types\/page"}],"author":[{"embeddable":true,"href":"https:\/\/zlin-precision.cz\/en\/wp-json\/wp\/v2\/users\/1"}],"replies":[{"embeddable":true,"href":"https:\/\/zlin-precision.cz\/en\/wp-json\/wp\/v2\/comments?post=1423"}],"version-history":[{"count":10,"href":"https:\/\/zlin-precision.cz\/en\/wp-json\/wp\/v2\/pages\/1423\/revisions"}],"predecessor-version":[{"id":1709,"href":"https:\/\/zlin-precision.cz\/en\/wp-json\/wp\/v2\/pages\/1423\/revisions\/1709"}],"wp:attachment":[{"href":"https:\/\/zlin-precision.cz\/en\/wp-json\/wp\/v2\/media?parent=1423"}],"curies":[{"name":"wp","href":"https:\/\/api.w.org\/{rel}","templated":true}]}}