{"id":1734,"date":"2025-01-20T14:53:55","date_gmt":"2025-01-20T13:53:55","guid":{"rendered":"https:\/\/zlin-precision.cz\/?page_id=1734"},"modified":"2025-04-24T09:42:13","modified_gmt":"2025-04-24T07:42:13","slug":"metrologie","status":"publish","type":"page","link":"https:\/\/zlin-precision.cz\/en\/vyroba\/metrologie\/","title":{"rendered":"Metrology"},"content":{"rendered":"<div data-elementor-type=\"wp-page\" data-elementor-id=\"1734\" class=\"elementor elementor-1734\">\n\t\t\t\t<div class=\"elementor-element elementor-element-3831669 e-flex e-con-boxed e-con e-parent\" data-id=\"3831669\" data-element_type=\"container\">\n\t\t\t\t\t<div class=\"e-con-inner\">\n\t\t<div class=\"elementor-element elementor-element-4607724 e-grid e-con-full e-con e-child\" data-id=\"4607724\" data-element_type=\"container\">\n\t\t\t\t<div class=\"elementor-element elementor-element-4bdc07d4 elementor-widget elementor-widget-text-editor\" data-id=\"4bdc07d4\" data-element_type=\"widget\" data-widget_type=\"text-editor.default\">\n\t\t\t\t<div class=\"elementor-widget-container\">\n\t\t\t\t\t\t\t<h2 class=\"wp-block-heading\"><strong>Metrology<\/strong><\/h2><p>Metrologie tvo\u0159\u00ed kl\u00ed\u010dovou sou\u010d\u00e1st jak na\u0161eho zav\u00e1d\u011bn\u00ed nov\u00fdch produkt\u016f, tak prob\u00edhaj\u00edc\u00edch v\u00fdrobn\u00edch proces\u016f. Prov\u00e1d\u00edme m\u011b\u0159en\u00ed d\u00edl\u016f pomoc\u00ed r\u016fzn\u00fdch m\u011b\u0159ic\u00edch za\u0159\u00edzen\u00ed, jak ru\u010dn\u00edch, tak i po\u010d\u00edta\u010dov\u011b \u0159\u00edzen\u00fdch, \u010d\u00edm\u017e hodnot\u00edme a kontrolujeme kvalitu vyr\u00e1b\u011bn\u00fdch d\u00edl\u016f.<\/p><p>Na\u0161e metrologick\u00e9 odd\u011blen\u00ed zahrnuje n\u00e1sleduj\u00edc\u00ed za\u0159\u00edzen\u00ed:<\/p><ul><li>Coordinate Measuring Machine (CMM) \u2013 Carl Zeiss Spectrum<\/li><li>Multi-sensor Measuring System \u2013 Keyence LM<\/li><li>3D Scanner \u2013 ATOS Q<\/li><\/ul>\t\t\t\t\t\t<\/div>\n\t\t\t\t<\/div>\n\t\t\t\t<div class=\"elementor-element elementor-element-468ae81 elementor-widget elementor-widget-image\" data-id=\"468ae81\" data-element_type=\"widget\" data-widget_type=\"image.default\">\n\t\t\t\t<div class=\"elementor-widget-container\">\n\t\t\t<style>\/*! elementor - v3.23.0 - 25-07-2024 *\/\n.elementor-widget-image{text-align:center}.elementor-widget-image a{display:inline-block}.elementor-widget-image a img[src$=\".svg\"]{width:48px}.elementor-widget-image img{vertical-align:middle;display:inline-block}<\/style>\t\t\t\t\t\t\t\t\t\t\t<a href=\"http:\/\/zlin-precision.cz\/wp-content\/uploads\/2025\/01\/vyroba-metrologie-4.jpeg\" data-gal='prettyPhoto' rel='prettyPhoto' data-elementor-open-lightbox=\"yes\" data-elementor-lightbox-title=\"v\u00fdroba-metrologie 4\" data-e-action-hash=\"#elementor-action%3Aaction%3Dlightbox%26settings%3DeyJpZCI6MTc0MCwidXJsIjoiaHR0cHM6XC9cL3psaW4tcHJlY2lzaW9uLmN6XC93cC1jb250ZW50XC91cGxvYWRzXC8yMDI1XC8wMVwvdnlyb2JhLW1ldHJvbG9naWUtNC5qcGVnIn0%3D\">\n\t\t\t\t\t\t\t<img decoding=\"async\" src=\"https:\/\/zlin-precision.cz\/wp-content\/uploads\/elementor\/thumbs\/vyroba-metrologie-4-r0adx56vwarg06rs2zsiac7pi8pwk9kl5d51oaz5ds.jpeg\" title=\"v\u00fdroba-metrologie 4\" alt=\"v\u00fdroba-metrologie 4\" loading=\"lazy\" \/>\t\t\t\t\t\t\t\t<\/a>\n\t\t\t\t\t\t\t\t\t\t\t\t\t<\/div>\n\t\t\t\t<\/div>\n\t\t\t\t<\/div>\n\t\t\t\t\t<\/div>\n\t\t\t\t<\/div>\n\t\t<div class=\"elementor-element elementor-element-d3b2590 e-grid e-con-boxed e-con e-parent\" data-id=\"d3b2590\" data-element_type=\"container\">\n\t\t\t\t\t<div class=\"e-con-inner\">\n\t\t\t\t<div class=\"elementor-element elementor-element-513a22c image-carousel elementor-arrows-position-inside elementor-pagination-position-outside elementor-widget elementor-widget-image-carousel\" data-id=\"513a22c\" data-element_type=\"widget\" data-settings=\"{&quot;slides_to_show&quot;:&quot;3&quot;,&quot;navigation&quot;:&quot;both&quot;,&quot;speed&quot;:500}\" data-widget_type=\"image-carousel.default\">\n\t\t\t\t<div class=\"elementor-widget-container\">\n\t\t\t<style>\/*! elementor - v3.23.0 - 25-07-2024 *\/\n.elementor-widget-image-carousel .swiper,.elementor-widget-image-carousel .swiper-container{position:static}.elementor-widget-image-carousel .swiper-container .swiper-slide figure,.elementor-widget-image-carousel .swiper .swiper-slide figure{line-height:inherit}.elementor-widget-image-carousel .swiper-slide{text-align:center}.elementor-image-carousel-wrapper:not(.swiper-container-initialized):not(.swiper-initialized) .swiper-slide{max-width:calc(100% \/ var(--e-image-carousel-slides-to-show, 3))}<\/style>\t\t<div class=\"elementor-image-carousel-wrapper swiper\" dir=\"ltr\">\n\t\t\t<div class=\"elementor-image-carousel swiper-wrapper\" aria-live=\"polite\">\n\t\t\t\t\t\t\t\t<div class=\"swiper-slide\" role=\"group\" aria-roledescription=\"slide\" aria-label=\"1 of 3\" data-no-translation-aria-label=\"\"><a data-elementor-open-lightbox=\"no\" href=\"https:\/\/zlin-precision.cz\/wp-content\/uploads\/2025\/01\/vyroba-metrologie-1.jpg\" data-gal='prettyPhoto' rel='prettyPhoto'><figure class=\"swiper-slide-inner\"><img decoding=\"async\" class=\"swiper-slide-image\" src=\"https:\/\/zlin-precision.cz\/wp-content\/uploads\/2025\/01\/vyroba-metrologie-1-605x570.jpg\" alt=\"v\u00fdroba-metrologie 1\" \/><\/figure><\/a><\/div><div class=\"swiper-slide\" role=\"group\" aria-roledescription=\"slide\" aria-label=\"2 of 3\" data-no-translation-aria-label=\"\"><a data-elementor-open-lightbox=\"no\" href=\"https:\/\/zlin-precision.cz\/wp-content\/uploads\/2025\/01\/vyroba-metrologie-2.png\" data-gal='prettyPhoto' rel='prettyPhoto'><figure class=\"swiper-slide-inner\"><img decoding=\"async\" class=\"swiper-slide-image\" src=\"https:\/\/zlin-precision.cz\/wp-content\/uploads\/2025\/01\/vyroba-metrologie-2.png\" alt=\"v\u00fdroba-metrologie 2\" \/><\/figure><\/a><\/div><div class=\"swiper-slide\" role=\"group\" aria-roledescription=\"slide\" aria-label=\"3 of 3\" data-no-translation-aria-label=\"\"><a data-elementor-open-lightbox=\"no\" href=\"https:\/\/zlin-precision.cz\/wp-content\/uploads\/2025\/01\/vyroba-metrologie-3.jpg\" data-gal='prettyPhoto' rel='prettyPhoto'><figure class=\"swiper-slide-inner\"><img decoding=\"async\" class=\"swiper-slide-image\" src=\"https:\/\/zlin-precision.cz\/wp-content\/uploads\/2025\/01\/vyroba-metrologie-3-880x570.jpg\" alt=\"v\u00fdroba-metrologie 3\" \/><\/figure><\/a><\/div>\t\t\t<\/div>\n\t\t\t\t\t\t\t\t\t\t\t\t<div class=\"elementor-swiper-button elementor-swiper-button-prev\" role=\"button\" tabindex=\"0\">\n\t\t\t\t\t\t<svg aria-hidden=\"true\" class=\"e-font-icon-svg e-eicon-chevron-left\" viewbox=\"0 0 1000 1000\" xmlns=\"http:\/\/www.w3.org\/2000\/svg\"><path d=\"M646 125C629 125 613 133 604 142L308 442C296 454 292 471 292 487 292 504 296 521 308 533L604 854C617 867 629 875 646 875 663 875 679 871 692 858 704 846 713 829 713 812 713 796 708 779 692 767L438 487 692 225C700 217 708 204 708 187 708 171 704 154 692 142 675 129 663 125 646 125Z\"><\/path><\/svg>\t\t\t\t\t<\/div>\n\t\t\t\t\t<div class=\"elementor-swiper-button elementor-swiper-button-next\" role=\"button\" tabindex=\"0\">\n\t\t\t\t\t\t<svg aria-hidden=\"true\" class=\"e-font-icon-svg e-eicon-chevron-right\" viewbox=\"0 0 1000 1000\" xmlns=\"http:\/\/www.w3.org\/2000\/svg\"><path d=\"M696 533C708 521 713 504 713 487 713 471 708 454 696 446L400 146C388 133 375 125 354 125 338 125 325 129 313 142 300 154 292 171 292 187 292 204 296 221 308 233L563 492 304 771C292 783 288 800 288 817 288 833 296 850 308 863 321 871 338 875 354 875 371 875 388 867 400 854L696 533Z\"><\/path><\/svg>\t\t\t\t\t<\/div>\n\t\t\t\t\n\t\t\t\t\t\t\t\t\t<div class=\"swiper-pagination\"><\/div>\n\t\t\t\t\t\t\t\t\t<\/div>\n\t\t\t\t<\/div>\n\t\t\t\t<\/div>\n\t\t\t\t\t<\/div>\n\t\t\t\t<\/div>\n\t\t\t\t<\/div>","protected":false},"excerpt":{"rendered":"<p>Metrologie Metrologie tvo\u0159\u00ed kl\u00ed\u010dovou sou\u010d\u00e1st jak na\u0161eho zav\u00e1d\u011bn\u00ed nov\u00fdch produkt\u016f, tak prob\u00edhaj\u00edc\u00edch v\u00fdrobn\u00edch proces\u016f. Prov\u00e1d\u00edme m\u011b\u0159en\u00ed d\u00edl\u016f pomoc\u00ed r\u016fzn\u00fdch m\u011b\u0159ic\u00edch za\u0159\u00edzen\u00ed, jak ru\u010dn\u00edch, tak i po\u010d\u00edta\u010dov\u011b \u0159\u00edzen\u00fdch, \u010d\u00edm\u017e hodnot\u00edme a kontrolujeme kvalitu vyr\u00e1b\u011bn\u00fdch d\u00edl\u016f. Na\u0161e metrologick\u00e9 odd\u011blen\u00ed zahrnuje n\u00e1sleduj\u00edc\u00ed za\u0159\u00edzen\u00ed: Sou\u0159adnicov\u00fd m\u011b\u0159\u00edc\u00ed stroj (CMM) \u2013 Carl Zeiss Spectrum Multi-senzorov\u00fd m\u011b\u0159\u00edc\u00ed syst\u00e9m \u2013 Keyence LM 3D &hellip;<\/p>","protected":false},"author":1,"featured_media":0,"parent":1423,"menu_order":0,"comment_status":"closed","ping_status":"closed","template":"","meta":{"footnotes":""},"class_list":["post-1734","page","type-page","status-publish","hentry"],"_links":{"self":[{"href":"https:\/\/zlin-precision.cz\/en\/wp-json\/wp\/v2\/pages\/1734"}],"collection":[{"href":"https:\/\/zlin-precision.cz\/en\/wp-json\/wp\/v2\/pages"}],"about":[{"href":"https:\/\/zlin-precision.cz\/en\/wp-json\/wp\/v2\/types\/page"}],"author":[{"embeddable":true,"href":"https:\/\/zlin-precision.cz\/en\/wp-json\/wp\/v2\/users\/1"}],"replies":[{"embeddable":true,"href":"https:\/\/zlin-precision.cz\/en\/wp-json\/wp\/v2\/comments?post=1734"}],"version-history":[{"count":34,"href":"https:\/\/zlin-precision.cz\/en\/wp-json\/wp\/v2\/pages\/1734\/revisions"}],"predecessor-version":[{"id":2711,"href":"https:\/\/zlin-precision.cz\/en\/wp-json\/wp\/v2\/pages\/1734\/revisions\/2711"}],"up":[{"embeddable":true,"href":"https:\/\/zlin-precision.cz\/en\/wp-json\/wp\/v2\/pages\/1423"}],"wp:attachment":[{"href":"https:\/\/zlin-precision.cz\/en\/wp-json\/wp\/v2\/media?parent=1734"}],"curies":[{"name":"wp","href":"https:\/\/api.w.org\/{rel}","templated":true}]}}