{"id":537,"date":"2015-07-17T13:01:38","date_gmt":"2015-07-17T13:01:38","guid":{"rendered":"http:\/\/capethemes.com\/demo\/industry\/?page_id=537"},"modified":"2025-03-13T09:22:29","modified_gmt":"2025-03-13T08:22:29","slug":"povrchove-upravy","status":"publish","type":"page","link":"https:\/\/zlin-precision.cz\/en\/vyroba\/povrchove-upravy\/","title":{"rendered":"Surface Treatments"},"content":{"rendered":"<div data-elementor-type=\"wp-page\" data-elementor-id=\"537\" class=\"elementor elementor-537\">\n\t\t\t\t<div class=\"elementor-element elementor-element-eb917c9 e-flex e-con-boxed e-con e-parent\" data-id=\"eb917c9\" data-element_type=\"container\">\n\t\t\t\t\t<div class=\"e-con-inner\">\n\t\t\t\t<div class=\"elementor-element elementor-element-160b5df1 text-w-points elementor-widget elementor-widget-text-editor\" data-id=\"160b5df1\" data-element_type=\"widget\" data-widget_type=\"text-editor.default\">\n\t\t\t\t<div class=\"elementor-widget-container\">\n\t\t\t<style>\/*! elementor - v3.23.0 - 25-07-2024 *\/\n.elementor-widget-text-editor.elementor-drop-cap-view-stacked .elementor-drop-cap{background-color:#69727d;color:#fff}.elementor-widget-text-editor.elementor-drop-cap-view-framed .elementor-drop-cap{color:#69727d;border:3px solid;background-color:transparent}.elementor-widget-text-editor:not(.elementor-drop-cap-view-default) .elementor-drop-cap{margin-top:8px}.elementor-widget-text-editor:not(.elementor-drop-cap-view-default) .elementor-drop-cap-letter{width:1em;height:1em}.elementor-widget-text-editor .elementor-drop-cap{float:left;text-align:center;line-height:1;font-size:50px}.elementor-widget-text-editor .elementor-drop-cap-letter{display:inline-block}<\/style>\t\t\t\t<h2 class=\"wp-block-heading\"><strong>Surface Treatments<\/strong><\/h2><p>For the final surface finishing, we can offer our customers vacuum metallizing.<\/p>\t\t\t\t\t\t<\/div>\n\t\t\t\t<\/div>\n\t\t\t\t\t<\/div>\n\t\t\t\t<\/div>\n\t\t<div class=\"elementor-element elementor-element-93c2702 e-con-full e-flex e-con e-parent\" data-id=\"93c2702\" data-element_type=\"container\">\n\t\t\t\t<\/div>\n\t\t<div class=\"elementor-element elementor-element-39eb979 e-grid e-con-boxed e-con e-parent\" data-id=\"39eb979\" data-element_type=\"container\">\n\t\t\t\t\t<div class=\"e-con-inner\">\n\t\t\t\t<div class=\"elementor-element elementor-element-c42700c elementor-widget elementor-widget-image\" data-id=\"c42700c\" data-element_type=\"widget\" data-widget_type=\"image.default\">\n\t\t\t\t<div class=\"elementor-widget-container\">\n\t\t\t<style>\/*! elementor - v3.23.0 - 25-07-2024 *\/\n.elementor-widget-image{text-align:center}.elementor-widget-image a{display:inline-block}.elementor-widget-image a img[src$=\".svg\"]{width:48px}.elementor-widget-image img{vertical-align:middle;display:inline-block}<\/style>\t\t\t\t\t\t\t\t\t\t<img fetchpriority=\"high\" decoding=\"async\" width=\"880\" height=\"570\" src=\"https:\/\/zlin-precision.cz\/wp-content\/uploads\/2025\/01\/vyroba-povrchova-uprava-1-880.jpeg\" class=\"attachment-large size-large wp-image-2134\" alt=\"v\u00fdroba-povrchov\u00e1 \u00faprava 1-880\" srcset=\"https:\/\/zlin-precision.cz\/wp-content\/uploads\/2025\/01\/vyroba-povrchova-uprava-1-880.jpeg 880w, https:\/\/zlin-precision.cz\/wp-content\/uploads\/2025\/01\/vyroba-povrchova-uprava-1-880-300x194.jpeg 300w, https:\/\/zlin-precision.cz\/wp-content\/uploads\/2025\/01\/vyroba-povrchova-uprava-1-880-768x497.jpeg 768w, https:\/\/zlin-precision.cz\/wp-content\/uploads\/2025\/01\/vyroba-povrchova-uprava-1-880-18x12.jpeg 18w\" sizes=\"(max-width: 880px) 100vw, 880px\" \/>\t\t\t\t\t\t\t\t\t\t\t\t\t<\/div>\n\t\t\t\t<\/div>\n\t\t\t\t<div class=\"elementor-element elementor-element-dc60b69 elementor-widget elementor-widget-image\" data-id=\"dc60b69\" data-element_type=\"widget\" data-widget_type=\"image.default\">\n\t\t\t\t<div class=\"elementor-widget-container\">\n\t\t\t\t\t\t\t\t\t\t\t\t\t<img decoding=\"async\" width=\"880\" height=\"570\" src=\"https:\/\/zlin-precision.cz\/wp-content\/uploads\/2025\/01\/vyroba-povrchova-uprava-2-880.jpeg\" class=\"attachment-large size-large wp-image-2135\" alt=\"v\u00fdroba-povrchov\u00e1 \u00faprava 2-880\" srcset=\"https:\/\/zlin-precision.cz\/wp-content\/uploads\/2025\/01\/vyroba-povrchova-uprava-2-880.jpeg 880w, https:\/\/zlin-precision.cz\/wp-content\/uploads\/2025\/01\/vyroba-povrchova-uprava-2-880-300x194.jpeg 300w, https:\/\/zlin-precision.cz\/wp-content\/uploads\/2025\/01\/vyroba-povrchova-uprava-2-880-768x497.jpeg 768w, https:\/\/zlin-precision.cz\/wp-content\/uploads\/2025\/01\/vyroba-povrchova-uprava-2-880-18x12.jpeg 18w\" sizes=\"(max-width: 880px) 100vw, 880px\" \/>\t\t\t\t\t\t\t\t\t\t\t\t\t<\/div>\n\t\t\t\t<\/div>\n\t\t\t\t<div class=\"elementor-element elementor-element-b432e65 elementor-widget elementor-widget-image\" data-id=\"b432e65\" data-element_type=\"widget\" data-widget_type=\"image.default\">\n\t\t\t\t<div class=\"elementor-widget-container\">\n\t\t\t\t\t\t\t\t\t\t\t\t\t<img decoding=\"async\" width=\"877\" height=\"900\" src=\"https:\/\/zlin-precision.cz\/wp-content\/uploads\/2025\/02\/vyrobky-Pohledove-dily-3.jpeg\" class=\"attachment-large size-large wp-image-2262\" alt=\"v\u00fdrobky-Pohledov\u00e9 d\u00edly 3\" srcset=\"https:\/\/zlin-precision.cz\/wp-content\/uploads\/2025\/02\/vyrobky-Pohledove-dily-3.jpeg 877w, https:\/\/zlin-precision.cz\/wp-content\/uploads\/2025\/02\/vyrobky-Pohledove-dily-3-292x300.jpeg 292w, https:\/\/zlin-precision.cz\/wp-content\/uploads\/2025\/02\/vyrobky-Pohledove-dily-3-768x788.jpeg 768w, https:\/\/zlin-precision.cz\/wp-content\/uploads\/2025\/02\/vyrobky-Pohledove-dily-3-12x12.jpeg 12w\" sizes=\"(max-width: 877px) 100vw, 877px\" \/>\t\t\t\t\t\t\t\t\t\t\t\t\t<\/div>\n\t\t\t\t<\/div>\n\t\t\t\t\t<\/div>\n\t\t\t\t<\/div>\n\t\t<div class=\"elementor-element elementor-element-40cf9fd e-flex e-con-boxed e-con e-parent\" data-id=\"40cf9fd\" data-element_type=\"container\">\n\t\t\t\t\t<div class=\"e-con-inner\">\n\t\t\t\t<div class=\"elementor-element elementor-element-9d47d13 elementor-widget elementor-widget-text-editor\" data-id=\"9d47d13\" data-element_type=\"widget\" data-widget_type=\"text-editor.default\">\n\t\t\t\t<div class=\"elementor-widget-container\">\n\t\t\t\t\t\t\t<p>Other Available Technologies:<\/p><ul><li>Laser marking of parts<\/li><li>Painting<\/li><li>PVD (Physical Vapor Deposition)<\/li><li>Tampoprint<\/li><\/ul>\t\t\t\t\t\t<\/div>\n\t\t\t\t<\/div>\n\t\t\t\t\t<\/div>\n\t\t\t\t<\/div>\n\t\t\t\t<\/div>","protected":false},"excerpt":{"rendered":"<p>Povrchov\u00e9 \u00fapravy Pro kone\u010dnou povrchovou \u00fapravu m\u016f\u017eeme na\u0161im z\u00e1kazn\u00edk\u016fm nab\u00eddnout vakuov\u00e9 pokoven\u00ed. Dal\u0161\u00ed dostupn\u00e9 technologie: laserov\u00fd popis d\u00edl\u016f lakov\u00e1n\u00ed PVD Tampoprint<\/p>","protected":false},"author":1,"featured_media":0,"parent":1423,"menu_order":0,"comment_status":"closed","ping_status":"closed","template":"","meta":{"footnotes":""},"class_list":["post-537","page","type-page","status-publish","hentry"],"_links":{"self":[{"href":"https:\/\/zlin-precision.cz\/en\/wp-json\/wp\/v2\/pages\/537"}],"collection":[{"href":"https:\/\/zlin-precision.cz\/en\/wp-json\/wp\/v2\/pages"}],"about":[{"href":"https:\/\/zlin-precision.cz\/en\/wp-json\/wp\/v2\/types\/page"}],"author":[{"embeddable":true,"href":"https:\/\/zlin-precision.cz\/en\/wp-json\/wp\/v2\/users\/1"}],"replies":[{"embeddable":true,"href":"https:\/\/zlin-precision.cz\/en\/wp-json\/wp\/v2\/comments?post=537"}],"version-history":[{"count":70,"href":"https:\/\/zlin-precision.cz\/en\/wp-json\/wp\/v2\/pages\/537\/revisions"}],"predecessor-version":[{"id":2633,"href":"https:\/\/zlin-precision.cz\/en\/wp-json\/wp\/v2\/pages\/537\/revisions\/2633"}],"up":[{"embeddable":true,"href":"https:\/\/zlin-precision.cz\/en\/wp-json\/wp\/v2\/pages\/1423"}],"wp:attachment":[{"href":"https:\/\/zlin-precision.cz\/en\/wp-json\/wp\/v2\/media?parent=537"}],"curies":[{"name":"wp","href":"https:\/\/api.w.org\/{rel}","templated":true}]}}