{"id":633,"date":"2015-07-21T13:42:33","date_gmt":"2015-07-21T13:42:33","guid":{"rendered":"http:\/\/capethemes.com\/demo\/industry\/?page_id=633"},"modified":"2025-04-23T09:04:59","modified_gmt":"2025-04-23T07:04:59","slug":"struktura-a-historie","status":"publish","type":"page","link":"https:\/\/zlin-precision.cz\/en\/struktura-a-historie\/","title":{"rendered":"Structure and history"},"content":{"rendered":"<div data-elementor-type=\"wp-page\" data-elementor-id=\"633\" class=\"elementor elementor-633\">\n\t\t\t\t<div class=\"elementor-element elementor-element-1a7d4212 e-flex e-con-boxed e-con e-parent\" data-id=\"1a7d4212\" data-element_type=\"container\">\n\t\t\t\t\t<div class=\"e-con-inner\">\n\t\t\t\t<div class=\"elementor-element elementor-element-1629b9b elementor-widget elementor-widget-text-editor\" data-id=\"1629b9b\" data-element_type=\"widget\" data-widget_type=\"text-editor.default\">\n\t\t\t\t<div class=\"elementor-widget-container\">\n\t\t\t<style>\/*! elementor - v3.23.0 - 25-07-2024 *\/\n.elementor-widget-text-editor.elementor-drop-cap-view-stacked .elementor-drop-cap{background-color:#69727d;color:#fff}.elementor-widget-text-editor.elementor-drop-cap-view-framed .elementor-drop-cap{color:#69727d;border:3px solid;background-color:transparent}.elementor-widget-text-editor:not(.elementor-drop-cap-view-default) .elementor-drop-cap{margin-top:8px}.elementor-widget-text-editor:not(.elementor-drop-cap-view-default) .elementor-drop-cap-letter{width:1em;height:1em}.elementor-widget-text-editor .elementor-drop-cap{float:left;text-align:center;line-height:1;font-size:50px}.elementor-widget-text-editor .elementor-drop-cap-letter{display:inline-block}<\/style>\t\t\t\t<p><!-- wp:heading --><\/p>\n<h2 id=\"history\" class=\"wp-block-heading\"><strong>About us<\/strong><\/h2>\n<p><!-- \/wp:heading --><\/p>\n<p><!-- wp:paragraph --><\/p>\n<p>Zl\u00edn Precision s.r.o. is a medium-sized company focused on the production of technical plastic parts using injection molding technology, followed by surface treatment and assembly.<\/p>\n<p>Zl\u00edn Precision s.r.o. is part of an international group of companies, which has two subsidiaries in the Czech Republic.<\/p>\n<p><!-- \/wp:paragraph --><\/p>\n<p><!-- wp:image {\"id\":1137,\"sizeSlug\":\"full\",\"linkDestination\":\"none\"} --><\/p>\n<figure class=\"wp-block-image size-full\"><\/figure>\n<p><!-- \/wp:image --><\/p>\n<p><!-- wp:heading --><\/p>\t\t\t\t\t\t<\/div>\n\t\t\t\t<\/div>\n\t\t\t\t<div class=\"elementor-element elementor-element-ef2cb3b elementor-widget elementor-widget-image\" data-id=\"ef2cb3b\" data-element_type=\"widget\" data-widget_type=\"image.default\">\n\t\t\t\t<div class=\"elementor-widget-container\">\n\t\t\t<style>\/*! elementor - v3.23.0 - 25-07-2024 *\/\n.elementor-widget-image{text-align:center}.elementor-widget-image a{display:inline-block}.elementor-widget-image a img[src$=\".svg\"]{width:48px}.elementor-widget-image img{vertical-align:middle;display:inline-block}<\/style>\t\t\t\t\t\t\t\t\t\t<img fetchpriority=\"high\" decoding=\"async\" width=\"998\" height=\"613\" src=\"https:\/\/zlin-precision.cz\/wp-content\/uploads\/2025\/01\/struktura-mapa-1.png\" class=\"attachment-large size-large wp-image-1703\" alt=\"struktura-mapa\" srcset=\"https:\/\/zlin-precision.cz\/wp-content\/uploads\/2025\/01\/struktura-mapa-1.png 998w, https:\/\/zlin-precision.cz\/wp-content\/uploads\/2025\/01\/struktura-mapa-1-300x184.png 300w, https:\/\/zlin-precision.cz\/wp-content\/uploads\/2025\/01\/struktura-mapa-1-768x472.png 768w, https:\/\/zlin-precision.cz\/wp-content\/uploads\/2025\/01\/struktura-mapa-1-18x12.png 18w\" sizes=\"(max-width: 998px) 100vw, 998px\" \/>\t\t\t\t\t\t\t\t\t\t\t\t\t<\/div>\n\t\t\t\t<\/div>\n\t\t\t\t<div class=\"elementor-element elementor-element-13d1c601 elementor-widget elementor-widget-text-editor\" data-id=\"13d1c601\" data-element_type=\"widget\" data-widget_type=\"text-editor.default\">\n\t\t\t\t<div class=\"elementor-widget-container\">\n\t\t\t\t\t\t\t<p><!-- wp:heading --><\/p>\n<p><!-- \/wp:paragraph --><\/p>\n<p><!-- wp:image {\"id\":1137,\"sizeSlug\":\"full\",\"linkDestination\":\"none\"} --><\/p>\n<figure class=\"wp-block-image size-full\"><\/figure>\n<p><!-- \/wp:image --><\/p>\n<p><!-- wp:heading --><\/p>\n<h2 id=\"our-core-values\" class=\"wp-block-heading\">History<\/h2>\n<p><!-- \/wp:heading --><\/p>\n<p><!-- wp:paragraph --><\/p>\n<p>1991 \u2013 Establishment of the parent company Andreas Quellmalz<\/p>\n<p>1998 \u2013 Establishment of HPQ Plast<\/p>\n<p>2001 \u2013 Establishment of Zl\u00edn-Precision<\/p>\n<p>2002 \u2013 Start of serial production<\/p>\n<p>2003 \u2013 Certification according to ISO 9001 standards<\/p>\n<p>2005 \u2013 Relocation of Zl\u00edn Precision to a newly built plant in Zl\u00edn<\/p>\n<p>2006 \u2013 Introduction of vacuum metallization technology<\/p>\n<p>2007 \u2013 Implementation of ISO TS 16949 standards \u00a0\u00a0\u00a0\u00a0\u00a0\u00a0\u00a0<\/p>\n<p>\u00a0\u00a0\u00a0\u00a0\u00a0\u00a0\u00a0\u00a0\u00a0\u00a0 \u2013 Establishment of PPA in Ukraine<\/p>\n<p>2008 \u2013 Start of implementing 5S standards into production and certification of EMS according to ISO 14001<\/p>\n<p>2011 \u2013 Construction of the third hall \u2013 expansion of warehouse space to 600 m\u00b2<\/p>\n<p>2013 \u2013 Company A. Quellmalz GmbH renamed to Accomplast GmbH<\/p>\n<p>2013 \u2013 Certification according to ISO TS 16949<\/p>\n<p>2018 \u2013 Increase in production and warehouse capacity by 1000 m\u00b2<\/p>\n<p>2023 \u2013 Photovoltaics \u2013 rooftop installation of 188 kWp<\/p>\n<p>2025 \u2013 Certification according to EN ISO 14001<\/p>\n<p><!-- \/wp:paragraph --><\/p>\n<p><!-- wp:heading --><\/p>\t\t\t\t\t\t<\/div>\n\t\t\t\t<\/div>\n\t\t\t\t\t<\/div>\n\t\t\t\t<\/div>\n\t\t\t\t<\/div>","protected":false},"excerpt":{"rendered":"<p>O n\u00e1s Spole\u010dnost Zl\u00edn Precision s.r.o. je st\u0159edn\u011b velk\u00fd podnik se zam\u011b\u0159en\u00edm na v\u00fdrobu technick\u00fdch plastov\u00fdch d\u00edl\u016f technologi\u00ed vst\u0159ikov\u00e1n\u00ed, jejich n\u00e1slednou povrchovou \u00fapravu a mont\u00e1\u017e\u00ed. Zl\u00edn Precision s.r.o. je sou\u010d\u00e1st\u00ed nadn\u00e1rodn\u00ed skupiny firem, kter\u00e9 maj\u00ed dv\u011b dce\u0159in\u00e9 spole\u010dnosti v\u00a0\u010cesk\u00e9 republice.<\/p>","protected":false},"author":1,"featured_media":0,"parent":0,"menu_order":0,"comment_status":"closed","ping_status":"closed","template":"","meta":{"footnotes":""},"class_list":["post-633","page","type-page","status-publish","hentry"],"_links":{"self":[{"href":"https:\/\/zlin-precision.cz\/en\/wp-json\/wp\/v2\/pages\/633"}],"collection":[{"href":"https:\/\/zlin-precision.cz\/en\/wp-json\/wp\/v2\/pages"}],"about":[{"href":"https:\/\/zlin-precision.cz\/en\/wp-json\/wp\/v2\/types\/page"}],"author":[{"embeddable":true,"href":"https:\/\/zlin-precision.cz\/en\/wp-json\/wp\/v2\/users\/1"}],"replies":[{"embeddable":true,"href":"https:\/\/zlin-precision.cz\/en\/wp-json\/wp\/v2\/comments?post=633"}],"version-history":[{"count":36,"href":"https:\/\/zlin-precision.cz\/en\/wp-json\/wp\/v2\/pages\/633\/revisions"}],"predecessor-version":[{"id":2703,"href":"https:\/\/zlin-precision.cz\/en\/wp-json\/wp\/v2\/pages\/633\/revisions\/2703"}],"wp:attachment":[{"href":"https:\/\/zlin-precision.cz\/en\/wp-json\/wp\/v2\/media?parent=633"}],"curies":[{"name":"wp","href":"https:\/\/api.w.org\/{rel}","templated":true}]}}